{"id":45,"date":"2019-11-28T10:02:49","date_gmt":"2019-11-28T10:02:49","guid":{"rendered":"http:\/\/die-faszientherapie.at\/?page_id=45"},"modified":"2023-01-09T13:21:59","modified_gmt":"2023-01-09T12:21:59","slug":"preise","status":"publish","type":"page","link":"https:\/\/die-faszientherapie.at\/index.php\/preise\/","title":{"rendered":"Preise"},"content":{"rendered":"<div class=\"wp-block-image\">\n<figure class=\"alignright size-large is-resized\"><img loading=\"lazy\" decoding=\"async\" src=\"http:\/\/die-faszientherapie.at\/wp-content\/uploads\/2019\/12\/AG0I8573-m-1024x683.jpg\" alt=\"\" class=\"wp-image-162\" width=\"389\" height=\"259\" srcset=\"https:\/\/die-faszientherapie.at\/wp-content\/uploads\/2019\/12\/AG0I8573-m-1024x683.jpg 1024w, https:\/\/die-faszientherapie.at\/wp-content\/uploads\/2019\/12\/AG0I8573-m-300x200.jpg 300w, https:\/\/die-faszientherapie.at\/wp-content\/uploads\/2019\/12\/AG0I8573-m-768x512.jpg 768w, https:\/\/die-faszientherapie.at\/wp-content\/uploads\/2019\/12\/AG0I8573-m-1536x1024.jpg 1536w, https:\/\/die-faszientherapie.at\/wp-content\/uploads\/2019\/12\/AG0I8573-m-2048x1365.jpg 2048w\" sizes=\"auto, (max-width: 389px) 100vw, 389px\" \/><\/figure>\n<\/div>\n\n\n<p>50 Minuten 80 \u20ac<br>25 Minuten 43 \u20ac<\/p>\n\n\n\n<p>Mit Verordnungsschein vom Arzt (Heilmassage):<\/p>\n\n\n\n<p>50 Minuten 75 \u20ac<br>25 Minuten 40 \u20ac<\/p>\n\n\n\n<p>Leint\u00fccher, Handt\u00fccher, Tapes und \u00c4therische \u00d6le, die ich w\u00e4hrend einer Behandlung verwende, sind im Preis inkludiert.<\/p>\n\n\n\n<p>Die R\u00fcckerstattung der Kosten f\u00fcr die Heilmassage erfolgt nach den Tarifen deiner Krankenkasse und Zusatzversicherung.<\/p>\n\n\n\n<p>Termine die du nicht einhalten kannst m\u00fcssen 24 Stunden vorher abgesagt werden, andernfalls bitte ich um dein Verst\u00e4ndnis, dass der Termin in Rechnung gestellt wird.<\/p>\n\n\n\n<p>Ich freue mich auf dich!<\/p>\n","protected":false},"excerpt":{"rendered":"<p>50 Minuten 80 \u20ac25 Minuten 43 \u20ac Mit Verordnungsschein vom Arzt (Heilmassage): 50 Minuten 75 \u20ac25 Minuten 40 \u20ac Leint\u00fccher, Handt\u00fccher, Tapes und \u00c4therische \u00d6le, die ich w\u00e4hrend einer Behandlung verwende, sind im Preis inkludiert. Die R\u00fcckerstattung der Kosten f\u00fcr die Heilmassage erfolgt nach den Tarifen deiner Krankenkasse und Zusatzversicherung. Termine die du nicht einhalten &#8230; <a title=\"Preise\" class=\"read-more\" href=\"https:\/\/die-faszientherapie.at\/index.php\/preise\/\" aria-label=\"Read more about Preise\">Read more<\/a><\/p>\n","protected":false},"author":1,"featured_media":0,"parent":0,"menu_order":0,"comment_status":"closed","ping_status":"closed","template":"","meta":{"ngg_post_thumbnail":0,"footnotes":""},"class_list":["post-45","page","type-page","status-publish"],"yoast_head":"<!-- This site is optimized with the Yoast SEO plugin v23.7 - https:\/\/yoast.com\/wordpress\/plugins\/seo\/ -->\n<title>Preise - Tina Kotas<\/title>\n<meta name=\"robots\" content=\"index, follow, max-snippet:-1, max-image-preview:large, max-video-preview:-1\" \/>\n<link rel=\"canonical\" href=\"https:\/\/die-faszientherapie.at\/index.php\/preise\/\" \/>\n<meta property=\"og:locale\" content=\"en_US\" \/>\n<meta property=\"og:type\" content=\"article\" \/>\n<meta property=\"og:title\" content=\"Preise - Tina Kotas\" \/>\n<meta property=\"og:description\" content=\"50 Minuten 80 \u20ac25 Minuten 43 \u20ac Mit Verordnungsschein vom Arzt (Heilmassage): 50 Minuten 75 \u20ac25 Minuten 40 \u20ac Leint\u00fccher, Handt\u00fccher, Tapes und \u00c4therische \u00d6le, die ich w\u00e4hrend einer Behandlung verwende, sind im Preis inkludiert. Die R\u00fcckerstattung der Kosten f\u00fcr die Heilmassage erfolgt nach den Tarifen deiner Krankenkasse und Zusatzversicherung. Termine die du nicht einhalten ... Read more\" \/>\n<meta property=\"og:url\" content=\"https:\/\/die-faszientherapie.at\/index.php\/preise\/\" \/>\n<meta property=\"og:site_name\" content=\"Tina Kotas\" \/>\n<meta property=\"article:modified_time\" content=\"2023-01-09T12:21:59+00:00\" \/>\n<meta property=\"og:image\" content=\"http:\/\/die-faszientherapie.at\/wp-content\/uploads\/2019\/12\/AG0I8573-m-1024x683.jpg\" \/>\n<meta name=\"twitter:card\" content=\"summary_large_image\" \/>\n<script type=\"application\/ld+json\" class=\"yoast-schema-graph\">{\"@context\":\"https:\/\/schema.org\",\"@graph\":[{\"@type\":\"WebPage\",\"@id\":\"https:\/\/die-faszientherapie.at\/index.php\/preise\/\",\"url\":\"https:\/\/die-faszientherapie.at\/index.php\/preise\/\",\"name\":\"Preise - Tina Kotas\",\"isPartOf\":{\"@id\":\"https:\/\/die-faszientherapie.at\/#website\"},\"primaryImageOfPage\":{\"@id\":\"https:\/\/die-faszientherapie.at\/index.php\/preise\/#primaryimage\"},\"image\":{\"@id\":\"https:\/\/die-faszientherapie.at\/index.php\/preise\/#primaryimage\"},\"thumbnailUrl\":\"http:\/\/die-faszientherapie.at\/wp-content\/uploads\/2019\/12\/AG0I8573-m-1024x683.jpg\",\"datePublished\":\"2019-11-28T10:02:49+00:00\",\"dateModified\":\"2023-01-09T12:21:59+00:00\",\"breadcrumb\":{\"@id\":\"https:\/\/die-faszientherapie.at\/index.php\/preise\/#breadcrumb\"},\"inLanguage\":\"en-US\",\"potentialAction\":[{\"@type\":\"ReadAction\",\"target\":[\"https:\/\/die-faszientherapie.at\/index.php\/preise\/\"]}]},{\"@type\":\"ImageObject\",\"inLanguage\":\"en-US\",\"@id\":\"https:\/\/die-faszientherapie.at\/index.php\/preise\/#primaryimage\",\"url\":\"http:\/\/die-faszientherapie.at\/wp-content\/uploads\/2019\/12\/AG0I8573-m-1024x683.jpg\",\"contentUrl\":\"http:\/\/die-faszientherapie.at\/wp-content\/uploads\/2019\/12\/AG0I8573-m-1024x683.jpg\"},{\"@type\":\"BreadcrumbList\",\"@id\":\"https:\/\/die-faszientherapie.at\/index.php\/preise\/#breadcrumb\",\"itemListElement\":[{\"@type\":\"ListItem\",\"position\":1,\"name\":\"Home\",\"item\":\"https:\/\/die-faszientherapie.at\/\"},{\"@type\":\"ListItem\",\"position\":2,\"name\":\"Preise\"}]},{\"@type\":\"WebSite\",\"@id\":\"https:\/\/die-faszientherapie.at\/#website\",\"url\":\"https:\/\/die-faszientherapie.at\/\",\"name\":\"Tina Kotas\",\"description\":\"Heilmasseurin\",\"publisher\":{\"@id\":\"https:\/\/die-faszientherapie.at\/#organization\"},\"potentialAction\":[{\"@type\":\"SearchAction\",\"target\":{\"@type\":\"EntryPoint\",\"urlTemplate\":\"https:\/\/die-faszientherapie.at\/?s={search_term_string}\"},\"query-input\":{\"@type\":\"PropertyValueSpecification\",\"valueRequired\":true,\"valueName\":\"search_term_string\"}}],\"inLanguage\":\"en-US\"},{\"@type\":\"Organization\",\"@id\":\"https:\/\/die-faszientherapie.at\/#organization\",\"name\":\"Tina Kotas - Heilmasseurin\",\"url\":\"https:\/\/die-faszientherapie.at\/\",\"logo\":{\"@type\":\"ImageObject\",\"inLanguage\":\"en-US\",\"@id\":\"https:\/\/die-faszientherapie.at\/#\/schema\/logo\/image\/\",\"url\":\"https:\/\/die-faszientherapie.at\/wp-content\/uploads\/2020\/08\/Tina_Kotas_Logo_big_2_fg.png\",\"contentUrl\":\"https:\/\/die-faszientherapie.at\/wp-content\/uploads\/2020\/08\/Tina_Kotas_Logo_big_2_fg.png\",\"width\":500,\"height\":120,\"caption\":\"Tina Kotas - Heilmasseurin\"},\"image\":{\"@id\":\"https:\/\/die-faszientherapie.at\/#\/schema\/logo\/image\/\"}}]}<\/script>\n<!-- \/ Yoast SEO plugin. -->","yoast_head_json":{"title":"Preise - Tina Kotas","robots":{"index":"index","follow":"follow","max-snippet":"max-snippet:-1","max-image-preview":"max-image-preview:large","max-video-preview":"max-video-preview:-1"},"canonical":"https:\/\/die-faszientherapie.at\/index.php\/preise\/","og_locale":"en_US","og_type":"article","og_title":"Preise - Tina Kotas","og_description":"50 Minuten 80 \u20ac25 Minuten 43 \u20ac Mit Verordnungsschein vom Arzt (Heilmassage): 50 Minuten 75 \u20ac25 Minuten 40 \u20ac Leint\u00fccher, Handt\u00fccher, Tapes und \u00c4therische \u00d6le, die ich w\u00e4hrend einer Behandlung verwende, sind im Preis inkludiert. Die R\u00fcckerstattung der Kosten f\u00fcr die Heilmassage erfolgt nach den Tarifen deiner Krankenkasse und Zusatzversicherung. Termine die du nicht einhalten ... Read more","og_url":"https:\/\/die-faszientherapie.at\/index.php\/preise\/","og_site_name":"Tina Kotas","article_modified_time":"2023-01-09T12:21:59+00:00","og_image":[{"url":"http:\/\/die-faszientherapie.at\/wp-content\/uploads\/2019\/12\/AG0I8573-m-1024x683.jpg"}],"twitter_card":"summary_large_image","schema":{"@context":"https:\/\/schema.org","@graph":[{"@type":"WebPage","@id":"https:\/\/die-faszientherapie.at\/index.php\/preise\/","url":"https:\/\/die-faszientherapie.at\/index.php\/preise\/","name":"Preise - Tina Kotas","isPartOf":{"@id":"https:\/\/die-faszientherapie.at\/#website"},"primaryImageOfPage":{"@id":"https:\/\/die-faszientherapie.at\/index.php\/preise\/#primaryimage"},"image":{"@id":"https:\/\/die-faszientherapie.at\/index.php\/preise\/#primaryimage"},"thumbnailUrl":"http:\/\/die-faszientherapie.at\/wp-content\/uploads\/2019\/12\/AG0I8573-m-1024x683.jpg","datePublished":"2019-11-28T10:02:49+00:00","dateModified":"2023-01-09T12:21:59+00:00","breadcrumb":{"@id":"https:\/\/die-faszientherapie.at\/index.php\/preise\/#breadcrumb"},"inLanguage":"en-US","potentialAction":[{"@type":"ReadAction","target":["https:\/\/die-faszientherapie.at\/index.php\/preise\/"]}]},{"@type":"ImageObject","inLanguage":"en-US","@id":"https:\/\/die-faszientherapie.at\/index.php\/preise\/#primaryimage","url":"http:\/\/die-faszientherapie.at\/wp-content\/uploads\/2019\/12\/AG0I8573-m-1024x683.jpg","contentUrl":"http:\/\/die-faszientherapie.at\/wp-content\/uploads\/2019\/12\/AG0I8573-m-1024x683.jpg"},{"@type":"BreadcrumbList","@id":"https:\/\/die-faszientherapie.at\/index.php\/preise\/#breadcrumb","itemListElement":[{"@type":"ListItem","position":1,"name":"Home","item":"https:\/\/die-faszientherapie.at\/"},{"@type":"ListItem","position":2,"name":"Preise"}]},{"@type":"WebSite","@id":"https:\/\/die-faszientherapie.at\/#website","url":"https:\/\/die-faszientherapie.at\/","name":"Tina Kotas","description":"Heilmasseurin","publisher":{"@id":"https:\/\/die-faszientherapie.at\/#organization"},"potentialAction":[{"@type":"SearchAction","target":{"@type":"EntryPoint","urlTemplate":"https:\/\/die-faszientherapie.at\/?s={search_term_string}"},"query-input":{"@type":"PropertyValueSpecification","valueRequired":true,"valueName":"search_term_string"}}],"inLanguage":"en-US"},{"@type":"Organization","@id":"https:\/\/die-faszientherapie.at\/#organization","name":"Tina Kotas - Heilmasseurin","url":"https:\/\/die-faszientherapie.at\/","logo":{"@type":"ImageObject","inLanguage":"en-US","@id":"https:\/\/die-faszientherapie.at\/#\/schema\/logo\/image\/","url":"https:\/\/die-faszientherapie.at\/wp-content\/uploads\/2020\/08\/Tina_Kotas_Logo_big_2_fg.png","contentUrl":"https:\/\/die-faszientherapie.at\/wp-content\/uploads\/2020\/08\/Tina_Kotas_Logo_big_2_fg.png","width":500,"height":120,"caption":"Tina Kotas - Heilmasseurin"},"image":{"@id":"https:\/\/die-faszientherapie.at\/#\/schema\/logo\/image\/"}}]}},"_links":{"self":[{"href":"https:\/\/die-faszientherapie.at\/index.php\/wp-json\/wp\/v2\/pages\/45","targetHints":{"allow":["GET"]}}],"collection":[{"href":"https:\/\/die-faszientherapie.at\/index.php\/wp-json\/wp\/v2\/pages"}],"about":[{"href":"https:\/\/die-faszientherapie.at\/index.php\/wp-json\/wp\/v2\/types\/page"}],"author":[{"embeddable":true,"href":"https:\/\/die-faszientherapie.at\/index.php\/wp-json\/wp\/v2\/users\/1"}],"replies":[{"embeddable":true,"href":"https:\/\/die-faszientherapie.at\/index.php\/wp-json\/wp\/v2\/comments?post=45"}],"version-history":[{"count":20,"href":"https:\/\/die-faszientherapie.at\/index.php\/wp-json\/wp\/v2\/pages\/45\/revisions"}],"predecessor-version":[{"id":629,"href":"https:\/\/die-faszientherapie.at\/index.php\/wp-json\/wp\/v2\/pages\/45\/revisions\/629"}],"wp:attachment":[{"href":"https:\/\/die-faszientherapie.at\/index.php\/wp-json\/wp\/v2\/media?parent=45"}],"curies":[{"name":"wp","href":"https:\/\/api.w.org\/{rel}","templated":true}]}}