{"id":40,"date":"2019-11-28T10:01:19","date_gmt":"2019-11-28T10:01:19","guid":{"rendered":"http:\/\/die-faszientherapie.at\/?page_id=40"},"modified":"2020-06-11T10:07:41","modified_gmt":"2020-06-11T09:07:41","slug":"angebote","status":"publish","type":"page","link":"https:\/\/die-faszientherapie.at\/index.php\/angebote\/","title":{"rendered":"Angebote"},"content":{"rendered":"\n<div class=\"wp-block-columns is-layout-flex wp-container-core-columns-is-layout-9d6595d7 wp-block-columns-is-layout-flex\">\n<div class=\"wp-block-column is-layout-flow wp-block-column-is-layout-flow\" style=\"flex-basis:66.66%\">\n<h2 class=\"wp-block-heading\">Faszientherapie<\/h2>\n\n\n\n<blockquote class=\"wp-block-quote is-layout-flow wp-block-quote-is-layout-flow\"><p>Bei Muskel- und Gelenksschmerzen, f\u00fcr gute Bewegungsfreiheit<\/p><\/blockquote>\n\n\n\n<p>Faszien umh\u00fcllen jeden Muskel, die Nerven und Blutgef\u00e4\u00dfe, Knochen und Organe. Sie sind r\u00e4umlich trennend und zugleich verbindende, formgebende Strukturen. Um eine gute Bewegungsfreiheit und Funktion des Bewegungsapparates zu gew\u00e4hrleisten, sollte das alles umh\u00fcllende Bindegewebe sich frei und unabh\u00e4ngig voneinander bewegen k\u00f6nnen. Nach Verletzung, Operation, Entz\u00fcndung, Bewegungsmangel oder psychischem Stress, kann es zu Verklebungen der Faszienschichten kommen. Die Elastizit\u00e4t nimmt ab, der Grundtonus erh\u00f6ht sich, sie werden starr und unbeweglich. Dadurch entstehen Schmerzen und der Bewegungsspielraum unserer Muskulatur und Gelenke wird eingeschr\u00e4nkt. Wir f\u00fchlen uns nicht wohl. <\/p>\n\n\n\n<p>\u21e8 Hier setze ich mit der Faszientherapie an, suche L\u00e4sionen und funktionelle Einschr\u00e4nkungen und behandle diese, um eine gute Funktion der Faszien wieder herzustellen.<\/p>\n<\/div>\n\n\n\n<div class=\"wp-block-column is-layout-flow wp-block-column-is-layout-flow\" style=\"flex-basis:33.34%\">\n<figure class=\"wp-block-image size-large is-style-default\"><img loading=\"lazy\" decoding=\"async\" width=\"800\" height=\"533\" src=\"http:\/\/die-faszientherapie.at\/wp-content\/uploads\/2020\/02\/AG0I8592_small-1.jpg\" alt=\"\" class=\"wp-image-221\" srcset=\"https:\/\/die-faszientherapie.at\/wp-content\/uploads\/2020\/02\/AG0I8592_small-1.jpg 800w, https:\/\/die-faszientherapie.at\/wp-content\/uploads\/2020\/02\/AG0I8592_small-1-300x200.jpg 300w, https:\/\/die-faszientherapie.at\/wp-content\/uploads\/2020\/02\/AG0I8592_small-1-768x512.jpg 768w\" sizes=\"auto, (max-width: 800px) 100vw, 800px\" \/><\/figure>\n<\/div>\n<\/div>\n\n\n\n<hr class=\"wp-block-separator has-text-color has-background has-cyan-bluish-gray-background-color has-cyan-bluish-gray-color is-style-wide\"\/>\n\n\n\n<div class=\"wp-block-columns is-layout-flex wp-container-core-columns-is-layout-9d6595d7 wp-block-columns-is-layout-flex\">\n<div class=\"wp-block-column is-layout-flow wp-block-column-is-layout-flow\" style=\"flex-basis:66.66%\">\n<h2 class=\"wp-block-heading\">Viszerale Faszientherapie<\/h2>\n\n\n\n<blockquote class=\"wp-block-quote is-layout-flow wp-block-quote-is-layout-flow\"><p>Bei Sensibilit\u00e4t an Organen und am Rumpf. Du wei\u00dft nicht warum, aber du f\u00fchlst dich nicht wohl?<\/p><\/blockquote>\n\n\n\n<p>Bei der viszeralen Faszientherapie sprechen wir von dem Zusammenspiel der inneren Organe, dem Bewegungsapparat und dem vegetativen Nervensystem. <\/p>\n\n\n\n<p>Die Organe des menschlichen K\u00f6rpers sind eng mit dem Bindegewebe (Faszien) verbunden. Sie werden von den Faszien umh\u00fcllt, versorgt, getragen und gesch\u00fctzt. Gesunde Faszien erm\u00f6glichen eine gute Beweglichkeit der Organe, welche f\u00fcr die Funktion eines jeden Organs unerl\u00e4sslich ist. Ein reibungsloses Funktionieren der Organe steht daher in engem Zusammenhang mit der Beschaffenheit der Organfaszien. Deshalb ist es so wichtig, dieses Gewebe gesund zu erhalten. <\/p>\n\n\n\n<p>Au\u00dferdem verbinden sich die Organfaszien an bestimmten Stellen des K\u00f6rpers mit denen des Bewegungsapparates und beeinflussen sich somit gegenseitig. Verspannungen und Schmerzen an gro\u00dfen Gelenken und anderen K\u00f6rperstellen k\u00f6nnen ihren Ursprung daher auch im Inneren des K\u00f6rpers haben.<\/p>\n\n\n\n<p>\u21e8 Mit dieser Therapie optimiere ich die Versorgung der Organe. Es kommt zu einer Verbesserung der Durchblutung, des Lymphabflusses und der Innervation der Organe. Gleichzeitig entlasten wir dadurch deinen Bewegungsapparat.<\/p>\n<\/div>\n\n\n\n<div class=\"wp-block-column is-layout-flow wp-block-column-is-layout-flow\" style=\"flex-basis:33.34%\">\n<figure class=\"wp-block-image size-large is-style-default\"><img loading=\"lazy\" decoding=\"async\" width=\"857\" height=\"840\" src=\"http:\/\/die-faszientherapie.at\/wp-content\/uploads\/2020\/04\/Viszerale_Faszientherapie.jpg\" alt=\"\" class=\"wp-image-342\" srcset=\"https:\/\/die-faszientherapie.at\/wp-content\/uploads\/2020\/04\/Viszerale_Faszientherapie.jpg 857w, https:\/\/die-faszientherapie.at\/wp-content\/uploads\/2020\/04\/Viszerale_Faszientherapie-300x294.jpg 300w, https:\/\/die-faszientherapie.at\/wp-content\/uploads\/2020\/04\/Viszerale_Faszientherapie-768x753.jpg 768w\" sizes=\"auto, (max-width: 857px) 100vw, 857px\" \/><\/figure>\n\n\n\n<p><\/p>\n<\/div>\n<\/div>\n\n\n\n<hr class=\"wp-block-separator has-text-color has-background has-cyan-bluish-gray-background-color has-cyan-bluish-gray-color is-style-wide\"\/>\n\n\n\n<div class=\"wp-block-columns is-layout-flex wp-container-core-columns-is-layout-9d6595d7 wp-block-columns-is-layout-flex\">\n<div class=\"wp-block-column is-layout-flow wp-block-column-is-layout-flow\" style=\"flex-basis:66.66%\">\n<h2 class=\"wp-block-heading\">Ortho-Bionomy\u00ae<\/h2>\n\n\n\n<blockquote class=\"wp-block-quote is-layout-flow wp-block-quote-is-layout-flow\"><p>Muskelverspannungen und Gelenksblockaden sanft und schmerzfrei l\u00f6sen<\/p><\/blockquote>\n\n\n\n<p>Ortho-Bionomy ist eine sanfte Form der K\u00f6rpertherapie, die aus der Osteopathie weiterentwickelt wurde. <\/p>\n\n\n\n<p>Durch sanfte, gef\u00fchrte Bewegungen wird dem Menschen erm\u00f6glicht, muskul\u00e4re Verspannungen, Bewegungseinschschr\u00e4nkungen der Gelenke und Fehlhaltungen zu erkennen und loszulassen. Wohldosierte Impulse bewirken eine Neuorganisation alter Bewegungsmuster. Damit kann eine gr\u00f6\u00dfere Bewegungsfreiheit und Schmerzreduktion erreicht werden.<\/p>\n\n\n\n<p>Die Qualit\u00e4t der Ber\u00fchrung macht das Eigentliche der Ortho-Bionomy aus. Es wird Raum f\u00fcr Regeneration geschaffen, indem Schmerz- und andere Grenzen respektiert werden und du in Achtsamkeit begleitet wirst. Dadurch entsteht ein vertrauter Zustand, in dem Ver\u00e4nderung erleichtert wird.<\/p>\n\n\n\n<p>\u21e8 Diese Qualit\u00e4ten sind das Herzst\u00fcck meiner Arbeit und flie\u00dfen in all meine Behandlungen ein. Ich arbeite besonders gerne mit Ortho-Bionomie, da diese Behandlung v\u00f6llig schmerzfrei abl\u00e4uft und daher f\u00fcr jede Altersgruppe geeignet ist.<\/p>\n<\/div>\n\n\n\n<div class=\"wp-block-column is-layout-flow wp-block-column-is-layout-flow\" style=\"flex-basis:33.34%\">\n<figure class=\"wp-block-image size-large is-style-default\"><img loading=\"lazy\" decoding=\"async\" width=\"1024\" height=\"763\" src=\"http:\/\/die-faszientherapie.at\/wp-content\/uploads\/2019\/12\/AG0I8605-m-1024x763.jpg\" alt=\"\" class=\"wp-image-163\" srcset=\"https:\/\/die-faszientherapie.at\/wp-content\/uploads\/2019\/12\/AG0I8605-m-1024x763.jpg 1024w, https:\/\/die-faszientherapie.at\/wp-content\/uploads\/2019\/12\/AG0I8605-m-300x223.jpg 300w, https:\/\/die-faszientherapie.at\/wp-content\/uploads\/2019\/12\/AG0I8605-m-768x572.jpg 768w, https:\/\/die-faszientherapie.at\/wp-content\/uploads\/2019\/12\/AG0I8605-m-1536x1144.jpg 1536w, https:\/\/die-faszientherapie.at\/wp-content\/uploads\/2019\/12\/AG0I8605-m-2048x1525.jpg 2048w\" sizes=\"auto, (max-width: 1024px) 100vw, 1024px\" \/><\/figure>\n<\/div>\n<\/div>\n\n\n\n<hr class=\"wp-block-separator has-text-color has-background has-cyan-bluish-gray-background-color has-cyan-bluish-gray-color is-style-wide\"\/>\n\n\n\n<div class=\"wp-block-columns is-layout-flex wp-container-core-columns-is-layout-9d6595d7 wp-block-columns-is-layout-flex\">\n<div class=\"wp-block-column is-layout-flow wp-block-column-is-layout-flow\" style=\"flex-basis:66.66%\">\n<h2 class=\"wp-block-heading\">Heilmassage &amp; Massage<\/h2>\n\n\n\n<blockquote class=\"wp-block-quote is-layout-flow wp-block-quote-is-layout-flow\"><p>Bei Problemen des Bewegungsapparates, z.B.: Zervicalsyndrom, Lumbalgie, Epicondylitis, u.v.m.<\/p><\/blockquote>\n\n\n\n<p>Bei der Heilmassage gehe ich gezielt auf spezielle Krankheitsbilder ein. Zum Beispiel Zervicalsyndrom, Arthrosen an Schulter-, H\u00fcft- und Kniegelenken, Tendinosen (Sehnenreizungen), Frozen Shoulder, um nur einige zu nennen. Um zielgerichtet behandeln zu k\u00f6nnen, ben\u00f6tige ich daf\u00fcr eine \u00dcberweisung des behandelnden Arztes. Mit einer Verordnung vom Arzt \u00fcber Heilmassage gibt es bei vielen Krankenkassen und Zusatzversicherungen die M\u00f6glichkeit sich einen Teil der Behandlungskosten r\u00fcckerstatten zu lassen. Bitte informiere dich bei deiner Krankenkasse\/Versicherung \u00fcber den Kostenzuschuss. <\/p>\n\n\n\n<p>\u21e8 Mit der Heilmassage erziele ich die Schmerzreduktion, Entspannung der Muskulatur, Verbesserung der Durchblutung, der Lymphzirkulation und der Beweglichkeit.<\/p>\n\n\n\n<p>Im Gegensatz zur Heilmassage geht es bei der Massage um deine Entspannung und dein Wohlbefinden. Sie dient der Gesunderhaltung von K\u00f6rper, Geist und Seele.<\/p>\n<\/div>\n\n\n\n<div class=\"wp-block-column is-layout-flow wp-block-column-is-layout-flow\" style=\"flex-basis:33.34%\">\n<figure class=\"wp-block-image size-large is-style-default\"><img loading=\"lazy\" decoding=\"async\" width=\"549\" height=\"338\" src=\"http:\/\/die-faszientherapie.at\/wp-content\/uploads\/2020\/04\/Heilmassage.jpg\" alt=\"\" class=\"wp-image-339\" srcset=\"https:\/\/die-faszientherapie.at\/wp-content\/uploads\/2020\/04\/Heilmassage.jpg 549w, https:\/\/die-faszientherapie.at\/wp-content\/uploads\/2020\/04\/Heilmassage-300x185.jpg 300w\" sizes=\"auto, (max-width: 549px) 100vw, 549px\" \/><\/figure>\n\n\n\n<p><\/p>\n<\/div>\n<\/div>\n\n\n\n<hr class=\"wp-block-separator has-text-color has-background has-cyan-bluish-gray-background-color has-cyan-bluish-gray-color is-style-wide\"\/>\n\n\n\n<div class=\"wp-block-columns is-layout-flex wp-container-core-columns-is-layout-9d6595d7 wp-block-columns-is-layout-flex\">\n<div class=\"wp-block-column is-layout-flow wp-block-column-is-layout-flow\" style=\"flex-basis:66.66%\">\n<h2 class=\"wp-block-heading\">Manuelle Lymphdrainage und Narbenbehandlung<\/h2>\n\n\n\n<blockquote class=\"wp-block-quote is-layout-flow wp-block-quote-is-layout-flow\"><p>Bei Schwellungen nach Traumata, Operationen und Lymph\u00f6demen <\/p><\/blockquote>\n\n\n\n<p>Manuelle Lymphdrainage dient als \u00d6dem- und Entstauungstherapie geschwollener K\u00f6rperregionen. Sie ist somit eine optimale Begleitma\u00dfnahme nach Operationen und Verletzungen, um Schwellungen zu reduzieren und Schmerzen zu lindern. Auch die Behandlung der Narben ist von gro\u00dfer Bedeutung, da sie den Lymphabfluss blockieren k\u00f6nnen. <\/p>\n\n\n\n<p>\u21e8 Mit der manuellen Lymphdrainage bewirke ich einen Abtransport der Lymphfl\u00fcssigkeit und Schmerzlinderung. Weiters wirkt die Therapie beruhigend auf dein Nervensystem, dein Muskeltonus wird gesenkt. Narben werden wieder weicher, elastischer und die Lymphgef\u00e4\u00df-Neubildung wird angeregt.<\/p>\n<\/div>\n\n\n\n<div class=\"wp-block-column is-layout-flow wp-block-column-is-layout-flow\" style=\"flex-basis:33.34%\">\n<figure class=\"wp-block-image size-large is-style-default\"><img loading=\"lazy\" decoding=\"async\" width=\"857\" height=\"572\" src=\"http:\/\/die-faszientherapie.at\/wp-content\/uploads\/2020\/04\/Manuelle_Lymphdrainage.jpg\" alt=\"\" class=\"wp-image-340\" srcset=\"https:\/\/die-faszientherapie.at\/wp-content\/uploads\/2020\/04\/Manuelle_Lymphdrainage.jpg 857w, https:\/\/die-faszientherapie.at\/wp-content\/uploads\/2020\/04\/Manuelle_Lymphdrainage-300x200.jpg 300w, https:\/\/die-faszientherapie.at\/wp-content\/uploads\/2020\/04\/Manuelle_Lymphdrainage-768x513.jpg 768w\" sizes=\"auto, (max-width: 857px) 100vw, 857px\" \/><\/figure>\n<\/div>\n<\/div>\n\n\n\n<hr class=\"wp-block-separator has-text-color has-background has-cyan-bluish-gray-background-color has-cyan-bluish-gray-color is-style-wide\"\/>\n\n\n\n<div class=\"wp-block-columns is-layout-flex wp-container-core-columns-is-layout-9d6595d7 wp-block-columns-is-layout-flex\">\n<div class=\"wp-block-column is-layout-flow wp-block-column-is-layout-flow\" style=\"flex-basis:66.66%\">\n<h2 class=\"wp-block-heading\">Aromamassage<\/h2>\n\n\n\n<blockquote class=\"wp-block-quote is-layout-flow wp-block-quote-is-layout-flow\"><p>Entspannen, Loslassen und die Kraft der Natur wirken lassen<\/p><\/blockquote>\n\n\n\n<p>Die Aromamassage ist eine wohltuende Massage mit ausgew\u00e4hlten, hochwertigen, \u00e4therischen \u00d6len. Sie hilft zur Ruhe zu kommen und l\u00f6st Spannungen im Bewegungsapparat. Die \u00e4therischen \u00d6le werden mit sanften, streichenden Griffen auf dem R\u00fccken verteilt, \u00fcber die Haut in den Blutkreislauf aufgenommen und entfalten so ihre Wirkung.<\/p>\n\n\n\n<p>\u21e8 Die \u00d6le, die ich verwende, wirken stressabbauend, tiefenentspannend, entz\u00fcndungshemmend, Immunsystem st\u00e4rkend, vitalisierend und steigern dein Wohlbefinden.<\/p>\n\n\n\n<p>Informationen zu den Preisen findest Du <a href=\"http:\/\/die-faszientherapie.at\/index.php\/preise\/\">hier<\/a>.<\/p>\n<\/div>\n\n\n\n<div class=\"wp-block-column is-layout-flow wp-block-column-is-layout-flow\" style=\"flex-basis:33.34%\">\n<figure class=\"wp-block-image size-large is-style-default\"><img loading=\"lazy\" decoding=\"async\" width=\"497\" height=\"506\" src=\"http:\/\/die-faszientherapie.at\/wp-content\/uploads\/2020\/04\/Aromatherapie.jpg\" alt=\"\" class=\"wp-image-343\" srcset=\"https:\/\/die-faszientherapie.at\/wp-content\/uploads\/2020\/04\/Aromatherapie.jpg 497w, https:\/\/die-faszientherapie.at\/wp-content\/uploads\/2020\/04\/Aromatherapie-295x300.jpg 295w\" sizes=\"auto, (max-width: 497px) 100vw, 497px\" \/><\/figure>\n<\/div>\n<\/div>\n\n\n\n<p><\/p>\n","protected":false},"excerpt":{"rendered":"<p>Faszientherapie Bei Muskel- und Gelenksschmerzen, f\u00fcr gute Bewegungsfreiheit Faszien umh\u00fcllen jeden Muskel, die Nerven und Blutgef\u00e4\u00dfe, Knochen und Organe. Sie sind r\u00e4umlich trennend und zugleich verbindende, formgebende Strukturen. Um eine gute Bewegungsfreiheit und Funktion des Bewegungsapparates zu gew\u00e4hrleisten, sollte das alles umh\u00fcllende Bindegewebe sich frei und unabh\u00e4ngig voneinander bewegen k\u00f6nnen. Nach Verletzung, Operation, Entz\u00fcndung, Bewegungsmangel &#8230; <a title=\"Angebote\" class=\"read-more\" href=\"https:\/\/die-faszientherapie.at\/index.php\/angebote\/\" aria-label=\"Read more about Angebote\">Read more<\/a><\/p>\n","protected":false},"author":1,"featured_media":0,"parent":0,"menu_order":0,"comment_status":"closed","ping_status":"closed","template":"","meta":{"ngg_post_thumbnail":0,"footnotes":""},"class_list":["post-40","page","type-page","status-publish"],"yoast_head":"<!-- This site is optimized with the Yoast SEO plugin v23.7 - https:\/\/yoast.com\/wordpress\/plugins\/seo\/ -->\n<title>Angebote - Tina Kotas<\/title>\n<meta name=\"robots\" content=\"index, follow, max-snippet:-1, max-image-preview:large, max-video-preview:-1\" \/>\n<link rel=\"canonical\" href=\"https:\/\/die-faszientherapie.at\/index.php\/angebote\/\" \/>\n<meta property=\"og:locale\" content=\"en_US\" \/>\n<meta property=\"og:type\" content=\"article\" \/>\n<meta property=\"og:title\" content=\"Angebote - Tina Kotas\" \/>\n<meta property=\"og:description\" content=\"Faszientherapie Bei Muskel- und Gelenksschmerzen, f\u00fcr gute Bewegungsfreiheit Faszien umh\u00fcllen jeden Muskel, die Nerven und Blutgef\u00e4\u00dfe, Knochen und Organe. Sie sind r\u00e4umlich trennend und zugleich verbindende, formgebende Strukturen. Um eine gute Bewegungsfreiheit und Funktion des Bewegungsapparates zu gew\u00e4hrleisten, sollte das alles umh\u00fcllende Bindegewebe sich frei und unabh\u00e4ngig voneinander bewegen k\u00f6nnen. Nach Verletzung, Operation, Entz\u00fcndung, Bewegungsmangel ... Read more\" \/>\n<meta property=\"og:url\" content=\"https:\/\/die-faszientherapie.at\/index.php\/angebote\/\" \/>\n<meta property=\"og:site_name\" content=\"Tina Kotas\" \/>\n<meta property=\"article:modified_time\" content=\"2020-06-11T09:07:41+00:00\" \/>\n<meta property=\"og:image\" content=\"http:\/\/die-faszientherapie.at\/wp-content\/uploads\/2020\/02\/AG0I8592_small-1.jpg\" \/>\n<meta name=\"twitter:card\" content=\"summary_large_image\" \/>\n<meta name=\"twitter:label1\" content=\"Est. reading time\" \/>\n\t<meta name=\"twitter:data1\" content=\"4 minutes\" \/>\n<script type=\"application\/ld+json\" class=\"yoast-schema-graph\">{\"@context\":\"https:\/\/schema.org\",\"@graph\":[{\"@type\":\"WebPage\",\"@id\":\"https:\/\/die-faszientherapie.at\/index.php\/angebote\/\",\"url\":\"https:\/\/die-faszientherapie.at\/index.php\/angebote\/\",\"name\":\"Angebote - Tina Kotas\",\"isPartOf\":{\"@id\":\"https:\/\/die-faszientherapie.at\/#website\"},\"primaryImageOfPage\":{\"@id\":\"https:\/\/die-faszientherapie.at\/index.php\/angebote\/#primaryimage\"},\"image\":{\"@id\":\"https:\/\/die-faszientherapie.at\/index.php\/angebote\/#primaryimage\"},\"thumbnailUrl\":\"http:\/\/die-faszientherapie.at\/wp-content\/uploads\/2020\/02\/AG0I8592_small-1.jpg\",\"datePublished\":\"2019-11-28T10:01:19+00:00\",\"dateModified\":\"2020-06-11T09:07:41+00:00\",\"breadcrumb\":{\"@id\":\"https:\/\/die-faszientherapie.at\/index.php\/angebote\/#breadcrumb\"},\"inLanguage\":\"en-US\",\"potentialAction\":[{\"@type\":\"ReadAction\",\"target\":[\"https:\/\/die-faszientherapie.at\/index.php\/angebote\/\"]}]},{\"@type\":\"ImageObject\",\"inLanguage\":\"en-US\",\"@id\":\"https:\/\/die-faszientherapie.at\/index.php\/angebote\/#primaryimage\",\"url\":\"http:\/\/die-faszientherapie.at\/wp-content\/uploads\/2020\/02\/AG0I8592_small-1.jpg\",\"contentUrl\":\"http:\/\/die-faszientherapie.at\/wp-content\/uploads\/2020\/02\/AG0I8592_small-1.jpg\"},{\"@type\":\"BreadcrumbList\",\"@id\":\"https:\/\/die-faszientherapie.at\/index.php\/angebote\/#breadcrumb\",\"itemListElement\":[{\"@type\":\"ListItem\",\"position\":1,\"name\":\"Home\",\"item\":\"https:\/\/die-faszientherapie.at\/\"},{\"@type\":\"ListItem\",\"position\":2,\"name\":\"Angebote\"}]},{\"@type\":\"WebSite\",\"@id\":\"https:\/\/die-faszientherapie.at\/#website\",\"url\":\"https:\/\/die-faszientherapie.at\/\",\"name\":\"Tina Kotas\",\"description\":\"Heilmasseurin\",\"publisher\":{\"@id\":\"https:\/\/die-faszientherapie.at\/#organization\"},\"potentialAction\":[{\"@type\":\"SearchAction\",\"target\":{\"@type\":\"EntryPoint\",\"urlTemplate\":\"https:\/\/die-faszientherapie.at\/?s={search_term_string}\"},\"query-input\":{\"@type\":\"PropertyValueSpecification\",\"valueRequired\":true,\"valueName\":\"search_term_string\"}}],\"inLanguage\":\"en-US\"},{\"@type\":\"Organization\",\"@id\":\"https:\/\/die-faszientherapie.at\/#organization\",\"name\":\"Tina Kotas - Heilmasseurin\",\"url\":\"https:\/\/die-faszientherapie.at\/\",\"logo\":{\"@type\":\"ImageObject\",\"inLanguage\":\"en-US\",\"@id\":\"https:\/\/die-faszientherapie.at\/#\/schema\/logo\/image\/\",\"url\":\"https:\/\/die-faszientherapie.at\/wp-content\/uploads\/2020\/08\/Tina_Kotas_Logo_big_2_fg.png\",\"contentUrl\":\"https:\/\/die-faszientherapie.at\/wp-content\/uploads\/2020\/08\/Tina_Kotas_Logo_big_2_fg.png\",\"width\":500,\"height\":120,\"caption\":\"Tina Kotas - Heilmasseurin\"},\"image\":{\"@id\":\"https:\/\/die-faszientherapie.at\/#\/schema\/logo\/image\/\"}}]}<\/script>\n<!-- \/ Yoast SEO plugin. -->","yoast_head_json":{"title":"Angebote - Tina Kotas","robots":{"index":"index","follow":"follow","max-snippet":"max-snippet:-1","max-image-preview":"max-image-preview:large","max-video-preview":"max-video-preview:-1"},"canonical":"https:\/\/die-faszientherapie.at\/index.php\/angebote\/","og_locale":"en_US","og_type":"article","og_title":"Angebote - Tina Kotas","og_description":"Faszientherapie Bei Muskel- und Gelenksschmerzen, f\u00fcr gute Bewegungsfreiheit Faszien umh\u00fcllen jeden Muskel, die Nerven und Blutgef\u00e4\u00dfe, Knochen und Organe. Sie sind r\u00e4umlich trennend und zugleich verbindende, formgebende Strukturen. Um eine gute Bewegungsfreiheit und Funktion des Bewegungsapparates zu gew\u00e4hrleisten, sollte das alles umh\u00fcllende Bindegewebe sich frei und unabh\u00e4ngig voneinander bewegen k\u00f6nnen. Nach Verletzung, Operation, Entz\u00fcndung, Bewegungsmangel ... Read more","og_url":"https:\/\/die-faszientherapie.at\/index.php\/angebote\/","og_site_name":"Tina Kotas","article_modified_time":"2020-06-11T09:07:41+00:00","og_image":[{"url":"http:\/\/die-faszientherapie.at\/wp-content\/uploads\/2020\/02\/AG0I8592_small-1.jpg"}],"twitter_card":"summary_large_image","twitter_misc":{"Est. reading time":"4 minutes"},"schema":{"@context":"https:\/\/schema.org","@graph":[{"@type":"WebPage","@id":"https:\/\/die-faszientherapie.at\/index.php\/angebote\/","url":"https:\/\/die-faszientherapie.at\/index.php\/angebote\/","name":"Angebote - Tina Kotas","isPartOf":{"@id":"https:\/\/die-faszientherapie.at\/#website"},"primaryImageOfPage":{"@id":"https:\/\/die-faszientherapie.at\/index.php\/angebote\/#primaryimage"},"image":{"@id":"https:\/\/die-faszientherapie.at\/index.php\/angebote\/#primaryimage"},"thumbnailUrl":"http:\/\/die-faszientherapie.at\/wp-content\/uploads\/2020\/02\/AG0I8592_small-1.jpg","datePublished":"2019-11-28T10:01:19+00:00","dateModified":"2020-06-11T09:07:41+00:00","breadcrumb":{"@id":"https:\/\/die-faszientherapie.at\/index.php\/angebote\/#breadcrumb"},"inLanguage":"en-US","potentialAction":[{"@type":"ReadAction","target":["https:\/\/die-faszientherapie.at\/index.php\/angebote\/"]}]},{"@type":"ImageObject","inLanguage":"en-US","@id":"https:\/\/die-faszientherapie.at\/index.php\/angebote\/#primaryimage","url":"http:\/\/die-faszientherapie.at\/wp-content\/uploads\/2020\/02\/AG0I8592_small-1.jpg","contentUrl":"http:\/\/die-faszientherapie.at\/wp-content\/uploads\/2020\/02\/AG0I8592_small-1.jpg"},{"@type":"BreadcrumbList","@id":"https:\/\/die-faszientherapie.at\/index.php\/angebote\/#breadcrumb","itemListElement":[{"@type":"ListItem","position":1,"name":"Home","item":"https:\/\/die-faszientherapie.at\/"},{"@type":"ListItem","position":2,"name":"Angebote"}]},{"@type":"WebSite","@id":"https:\/\/die-faszientherapie.at\/#website","url":"https:\/\/die-faszientherapie.at\/","name":"Tina Kotas","description":"Heilmasseurin","publisher":{"@id":"https:\/\/die-faszientherapie.at\/#organization"},"potentialAction":[{"@type":"SearchAction","target":{"@type":"EntryPoint","urlTemplate":"https:\/\/die-faszientherapie.at\/?s={search_term_string}"},"query-input":{"@type":"PropertyValueSpecification","valueRequired":true,"valueName":"search_term_string"}}],"inLanguage":"en-US"},{"@type":"Organization","@id":"https:\/\/die-faszientherapie.at\/#organization","name":"Tina Kotas - Heilmasseurin","url":"https:\/\/die-faszientherapie.at\/","logo":{"@type":"ImageObject","inLanguage":"en-US","@id":"https:\/\/die-faszientherapie.at\/#\/schema\/logo\/image\/","url":"https:\/\/die-faszientherapie.at\/wp-content\/uploads\/2020\/08\/Tina_Kotas_Logo_big_2_fg.png","contentUrl":"https:\/\/die-faszientherapie.at\/wp-content\/uploads\/2020\/08\/Tina_Kotas_Logo_big_2_fg.png","width":500,"height":120,"caption":"Tina Kotas - Heilmasseurin"},"image":{"@id":"https:\/\/die-faszientherapie.at\/#\/schema\/logo\/image\/"}}]}},"_links":{"self":[{"href":"https:\/\/die-faszientherapie.at\/index.php\/wp-json\/wp\/v2\/pages\/40","targetHints":{"allow":["GET"]}}],"collection":[{"href":"https:\/\/die-faszientherapie.at\/index.php\/wp-json\/wp\/v2\/pages"}],"about":[{"href":"https:\/\/die-faszientherapie.at\/index.php\/wp-json\/wp\/v2\/types\/page"}],"author":[{"embeddable":true,"href":"https:\/\/die-faszientherapie.at\/index.php\/wp-json\/wp\/v2\/users\/1"}],"replies":[{"embeddable":true,"href":"https:\/\/die-faszientherapie.at\/index.php\/wp-json\/wp\/v2\/comments?post=40"}],"version-history":[{"count":153,"href":"https:\/\/die-faszientherapie.at\/index.php\/wp-json\/wp\/v2\/pages\/40\/revisions"}],"predecessor-version":[{"id":591,"href":"https:\/\/die-faszientherapie.at\/index.php\/wp-json\/wp\/v2\/pages\/40\/revisions\/591"}],"wp:attachment":[{"href":"https:\/\/die-faszientherapie.at\/index.php\/wp-json\/wp\/v2\/media?parent=40"}],"curies":[{"name":"wp","href":"https:\/\/api.w.org\/{rel}","templated":true}]}}