{"id":38,"date":"2019-11-28T10:00:54","date_gmt":"2019-11-28T10:00:54","guid":{"rendered":"http:\/\/die-faszientherapie.at\/?page_id=38"},"modified":"2020-06-08T09:45:06","modified_gmt":"2020-06-08T08:45:06","slug":"uber-mich","status":"publish","type":"page","link":"https:\/\/die-faszientherapie.at\/index.php\/uber-mich\/","title":{"rendered":"\u00dcber mich"},"content":{"rendered":"\n<div class=\"wp-block-columns is-layout-flex wp-container-core-columns-is-layout-9d6595d7 wp-block-columns-is-layout-flex\">\n<div class=\"wp-block-column is-layout-flow wp-block-column-is-layout-flow\" style=\"flex-basis:20%\">\n<figure class=\"wp-block-image size-large is-resized\"><img loading=\"lazy\" decoding=\"async\" src=\"http:\/\/die-faszientherapie.at\/wp-content\/uploads\/2020\/02\/AG0I8733o_small-1.jpg\" alt=\"\" class=\"wp-image-220\" width=\"213\" height=\"286\" srcset=\"https:\/\/die-faszientherapie.at\/wp-content\/uploads\/2020\/02\/AG0I8733o_small-1.jpg 594w, https:\/\/die-faszientherapie.at\/wp-content\/uploads\/2020\/02\/AG0I8733o_small-1-223x300.jpg 223w\" sizes=\"auto, (max-width: 213px) 100vw, 213px\" \/><\/figure>\n<\/div>\n\n\n\n<div class=\"wp-block-column is-layout-flow wp-block-column-is-layout-flow\" style=\"flex-basis:66.66%\">\n<pre class=\"wp-block-verse\">Gewerbliche- und Heilmasseurin\nFaszientherapie\nOrtho-Bionomy\u00ae<\/pre>\n\n\n\n<pre class=\"wp-block-verse\">Seit 2010 selbst\u00e4ndig in eigener Praxis<\/pre>\n\n\n\n<pre class=\"wp-block-verse\">Mutter von 2 T\u00f6chtern<\/pre>\n<\/div>\n<\/div>\n\n\n\n<hr class=\"wp-block-separator is-style-wide\"\/>\n\n\n\n<p>Je intensiver ich mich mit meinem Beruf besch\u00e4ftigte, umso mehr wurde mir dieser Beruf zur Berufung und Herzensangelegenheit. Die Vielfalt meiner Behandlungsmethoden haben alle eines gemeinsam: Du stehst im Mittelpunkt und dein Wohlbefinden ist das Ziel unseres gemeinsamen Wirkens. In diesem Sinne bin ich t\u00e4tig und in st\u00e4ndiger Weiterentwicklung, zu deinem Wohl, das hei\u00dft gr\u00f6\u00dfere Bewegungsfreiheit, gelinderte Schmerzen, gel\u00f6ste Blockaden und damit ein insgesamt besseres K\u00f6rpergef\u00fchl f\u00fcr dich.<\/p>\n\n\n\n<h2 class=\"wp-block-heading\">Ausbildungen<\/h2>\n\n\n\n<ul class=\"wp-block-list\"><li><strong>Viszerale Faszientherapie<\/strong>, August 2019 &#8211; J\u00e4nner 2020<\/li><li><strong>Faszien als Sinnesorgan<\/strong>, Manus Massageschlue, 2015<\/li><li><strong>Faszienanatomie in vivo<\/strong>, Manus Massageschule 2015<\/li><li><strong>Funktionelles Faszientraining<\/strong>, Manus Massageschule, 2015<\/li><li><strong>Myofascial taping<\/strong>, Physio Training Academy, 2015<\/li><li><strong>Ortho-Bionomy und Faszien<\/strong>, Stefan Andrecht 2014<\/li><li><strong>Faszination Faszie<\/strong>, Dr. Robert Schleip, 2014<\/li><li><strong>Neuromyogene Faszienmassage<\/strong>, 2013<\/li><li><strong>Marnitztherapie<\/strong>, 2012<\/li><li><strong>Anatomie-Workshop an der Universit\u00e4t Wien<\/strong>, 2012<\/li><li><strong>Aufschulung Heilmasseur<\/strong>, Manus Massageschule, J\u00e4nner 2012 &#8211; Juni 2012<\/li><li><strong>Ohrreflexzonenmassage<\/strong>, 2011<\/li><li><strong>Segmentmassage<\/strong>, Manus, 2011<\/li><li><strong>Manuelle Lymphdrainage<\/strong> u. komplexe physikal. Entstauungstherapie, Manus 2011<\/li><li><strong>Bindegewebsmassage<\/strong>, Manus Massageschule 2010<\/li><li><strong>Ortho-Bionomy<\/strong> (Basic 1, Basic 2, Basic 3, Phase 5, Phase 6, Cranium, Advanced Cranium, Viszeral) 2004-2007<\/li><li>Seit 2007 <strong>Ortho-Bionomy Practitioner<\/strong><\/li><li><strong>AORT<\/strong> , Schule f\u00fcr Osteopathie<\/li><li><strong>Physioenergetik<\/strong> 1-5, Schule f\u00fcr Osteopathie und Physioenergetik,1999-2000<\/li><li><strong>APM<\/strong> nach Penzel, BFI Wien<\/li><li><strong>Fu\u00dfreflexzonenmassage<\/strong>, BFI Wien<\/li><li><b>Ausbildung zum Heilmasseur<\/b> alt, Medizinischer Masseur und Heilbademeister, BFI Wien 1998-1999<\/li><\/ul>\n\n\n\n<p><\/p>\n","protected":false},"excerpt":{"rendered":"<p>Gewerbliche- und Heilmasseurin Faszientherapie Ortho-Bionomy\u00ae Seit 2010 selbst\u00e4ndig in eigener Praxis Mutter von 2 T\u00f6chtern Je intensiver ich mich mit meinem Beruf besch\u00e4ftigte, umso mehr wurde mir dieser Beruf zur Berufung und Herzensangelegenheit. Die Vielfalt meiner Behandlungsmethoden haben alle eines gemeinsam: Du stehst im Mittelpunkt und dein Wohlbefinden ist das Ziel unseres gemeinsamen Wirkens. In &#8230; <a title=\"\u00dcber mich\" class=\"read-more\" href=\"https:\/\/die-faszientherapie.at\/index.php\/uber-mich\/\" aria-label=\"Read more about \u00dcber mich\">Read more<\/a><\/p>\n","protected":false},"author":1,"featured_media":0,"parent":0,"menu_order":0,"comment_status":"closed","ping_status":"closed","template":"","meta":{"ngg_post_thumbnail":0,"footnotes":""},"class_list":["post-38","page","type-page","status-publish"],"yoast_head":"<!-- This site is optimized with the Yoast SEO plugin v23.7 - https:\/\/yoast.com\/wordpress\/plugins\/seo\/ -->\n<title>\u00dcber mich - Tina Kotas<\/title>\n<meta name=\"robots\" content=\"index, follow, max-snippet:-1, max-image-preview:large, max-video-preview:-1\" \/>\n<link rel=\"canonical\" href=\"https:\/\/die-faszientherapie.at\/index.php\/uber-mich\/\" \/>\n<meta property=\"og:locale\" content=\"en_US\" \/>\n<meta property=\"og:type\" content=\"article\" \/>\n<meta property=\"og:title\" content=\"\u00dcber mich - Tina Kotas\" \/>\n<meta property=\"og:description\" content=\"Gewerbliche- und Heilmasseurin Faszientherapie Ortho-Bionomy\u00ae Seit 2010 selbst\u00e4ndig in eigener Praxis Mutter von 2 T\u00f6chtern Je intensiver ich mich mit meinem Beruf besch\u00e4ftigte, umso mehr wurde mir dieser Beruf zur Berufung und Herzensangelegenheit. Die Vielfalt meiner Behandlungsmethoden haben alle eines gemeinsam: Du stehst im Mittelpunkt und dein Wohlbefinden ist das Ziel unseres gemeinsamen Wirkens. In ... Read more\" \/>\n<meta property=\"og:url\" content=\"https:\/\/die-faszientherapie.at\/index.php\/uber-mich\/\" \/>\n<meta property=\"og:site_name\" content=\"Tina Kotas\" \/>\n<meta property=\"article:modified_time\" content=\"2020-06-08T08:45:06+00:00\" \/>\n<meta property=\"og:image\" content=\"http:\/\/die-faszientherapie.at\/wp-content\/uploads\/2020\/02\/AG0I8733o_small-1.jpg\" \/>\n<meta name=\"twitter:card\" content=\"summary_large_image\" \/>\n<meta name=\"twitter:label1\" content=\"Est. reading time\" \/>\n\t<meta name=\"twitter:data1\" content=\"1 minute\" \/>\n<script type=\"application\/ld+json\" class=\"yoast-schema-graph\">{\"@context\":\"https:\/\/schema.org\",\"@graph\":[{\"@type\":\"WebPage\",\"@id\":\"https:\/\/die-faszientherapie.at\/index.php\/uber-mich\/\",\"url\":\"https:\/\/die-faszientherapie.at\/index.php\/uber-mich\/\",\"name\":\"\u00dcber mich - Tina Kotas\",\"isPartOf\":{\"@id\":\"https:\/\/die-faszientherapie.at\/#website\"},\"primaryImageOfPage\":{\"@id\":\"https:\/\/die-faszientherapie.at\/index.php\/uber-mich\/#primaryimage\"},\"image\":{\"@id\":\"https:\/\/die-faszientherapie.at\/index.php\/uber-mich\/#primaryimage\"},\"thumbnailUrl\":\"http:\/\/die-faszientherapie.at\/wp-content\/uploads\/2020\/02\/AG0I8733o_small-1.jpg\",\"datePublished\":\"2019-11-28T10:00:54+00:00\",\"dateModified\":\"2020-06-08T08:45:06+00:00\",\"breadcrumb\":{\"@id\":\"https:\/\/die-faszientherapie.at\/index.php\/uber-mich\/#breadcrumb\"},\"inLanguage\":\"en-US\",\"potentialAction\":[{\"@type\":\"ReadAction\",\"target\":[\"https:\/\/die-faszientherapie.at\/index.php\/uber-mich\/\"]}]},{\"@type\":\"ImageObject\",\"inLanguage\":\"en-US\",\"@id\":\"https:\/\/die-faszientherapie.at\/index.php\/uber-mich\/#primaryimage\",\"url\":\"http:\/\/die-faszientherapie.at\/wp-content\/uploads\/2020\/02\/AG0I8733o_small-1.jpg\",\"contentUrl\":\"http:\/\/die-faszientherapie.at\/wp-content\/uploads\/2020\/02\/AG0I8733o_small-1.jpg\"},{\"@type\":\"BreadcrumbList\",\"@id\":\"https:\/\/die-faszientherapie.at\/index.php\/uber-mich\/#breadcrumb\",\"itemListElement\":[{\"@type\":\"ListItem\",\"position\":1,\"name\":\"Home\",\"item\":\"https:\/\/die-faszientherapie.at\/\"},{\"@type\":\"ListItem\",\"position\":2,\"name\":\"\u00dcber mich\"}]},{\"@type\":\"WebSite\",\"@id\":\"https:\/\/die-faszientherapie.at\/#website\",\"url\":\"https:\/\/die-faszientherapie.at\/\",\"name\":\"Tina Kotas\",\"description\":\"Heilmasseurin\",\"publisher\":{\"@id\":\"https:\/\/die-faszientherapie.at\/#organization\"},\"potentialAction\":[{\"@type\":\"SearchAction\",\"target\":{\"@type\":\"EntryPoint\",\"urlTemplate\":\"https:\/\/die-faszientherapie.at\/?s={search_term_string}\"},\"query-input\":{\"@type\":\"PropertyValueSpecification\",\"valueRequired\":true,\"valueName\":\"search_term_string\"}}],\"inLanguage\":\"en-US\"},{\"@type\":\"Organization\",\"@id\":\"https:\/\/die-faszientherapie.at\/#organization\",\"name\":\"Tina Kotas - Heilmasseurin\",\"url\":\"https:\/\/die-faszientherapie.at\/\",\"logo\":{\"@type\":\"ImageObject\",\"inLanguage\":\"en-US\",\"@id\":\"https:\/\/die-faszientherapie.at\/#\/schema\/logo\/image\/\",\"url\":\"https:\/\/die-faszientherapie.at\/wp-content\/uploads\/2020\/08\/Tina_Kotas_Logo_big_2_fg.png\",\"contentUrl\":\"https:\/\/die-faszientherapie.at\/wp-content\/uploads\/2020\/08\/Tina_Kotas_Logo_big_2_fg.png\",\"width\":500,\"height\":120,\"caption\":\"Tina Kotas - Heilmasseurin\"},\"image\":{\"@id\":\"https:\/\/die-faszientherapie.at\/#\/schema\/logo\/image\/\"}}]}<\/script>\n<!-- \/ Yoast SEO plugin. -->","yoast_head_json":{"title":"\u00dcber mich - Tina Kotas","robots":{"index":"index","follow":"follow","max-snippet":"max-snippet:-1","max-image-preview":"max-image-preview:large","max-video-preview":"max-video-preview:-1"},"canonical":"https:\/\/die-faszientherapie.at\/index.php\/uber-mich\/","og_locale":"en_US","og_type":"article","og_title":"\u00dcber mich - Tina Kotas","og_description":"Gewerbliche- und Heilmasseurin Faszientherapie Ortho-Bionomy\u00ae Seit 2010 selbst\u00e4ndig in eigener Praxis Mutter von 2 T\u00f6chtern Je intensiver ich mich mit meinem Beruf besch\u00e4ftigte, umso mehr wurde mir dieser Beruf zur Berufung und Herzensangelegenheit. Die Vielfalt meiner Behandlungsmethoden haben alle eines gemeinsam: Du stehst im Mittelpunkt und dein Wohlbefinden ist das Ziel unseres gemeinsamen Wirkens. In ... Read more","og_url":"https:\/\/die-faszientherapie.at\/index.php\/uber-mich\/","og_site_name":"Tina Kotas","article_modified_time":"2020-06-08T08:45:06+00:00","og_image":[{"url":"http:\/\/die-faszientherapie.at\/wp-content\/uploads\/2020\/02\/AG0I8733o_small-1.jpg"}],"twitter_card":"summary_large_image","twitter_misc":{"Est. reading time":"1 minute"},"schema":{"@context":"https:\/\/schema.org","@graph":[{"@type":"WebPage","@id":"https:\/\/die-faszientherapie.at\/index.php\/uber-mich\/","url":"https:\/\/die-faszientherapie.at\/index.php\/uber-mich\/","name":"\u00dcber mich - Tina Kotas","isPartOf":{"@id":"https:\/\/die-faszientherapie.at\/#website"},"primaryImageOfPage":{"@id":"https:\/\/die-faszientherapie.at\/index.php\/uber-mich\/#primaryimage"},"image":{"@id":"https:\/\/die-faszientherapie.at\/index.php\/uber-mich\/#primaryimage"},"thumbnailUrl":"http:\/\/die-faszientherapie.at\/wp-content\/uploads\/2020\/02\/AG0I8733o_small-1.jpg","datePublished":"2019-11-28T10:00:54+00:00","dateModified":"2020-06-08T08:45:06+00:00","breadcrumb":{"@id":"https:\/\/die-faszientherapie.at\/index.php\/uber-mich\/#breadcrumb"},"inLanguage":"en-US","potentialAction":[{"@type":"ReadAction","target":["https:\/\/die-faszientherapie.at\/index.php\/uber-mich\/"]}]},{"@type":"ImageObject","inLanguage":"en-US","@id":"https:\/\/die-faszientherapie.at\/index.php\/uber-mich\/#primaryimage","url":"http:\/\/die-faszientherapie.at\/wp-content\/uploads\/2020\/02\/AG0I8733o_small-1.jpg","contentUrl":"http:\/\/die-faszientherapie.at\/wp-content\/uploads\/2020\/02\/AG0I8733o_small-1.jpg"},{"@type":"BreadcrumbList","@id":"https:\/\/die-faszientherapie.at\/index.php\/uber-mich\/#breadcrumb","itemListElement":[{"@type":"ListItem","position":1,"name":"Home","item":"https:\/\/die-faszientherapie.at\/"},{"@type":"ListItem","position":2,"name":"\u00dcber mich"}]},{"@type":"WebSite","@id":"https:\/\/die-faszientherapie.at\/#website","url":"https:\/\/die-faszientherapie.at\/","name":"Tina Kotas","description":"Heilmasseurin","publisher":{"@id":"https:\/\/die-faszientherapie.at\/#organization"},"potentialAction":[{"@type":"SearchAction","target":{"@type":"EntryPoint","urlTemplate":"https:\/\/die-faszientherapie.at\/?s={search_term_string}"},"query-input":{"@type":"PropertyValueSpecification","valueRequired":true,"valueName":"search_term_string"}}],"inLanguage":"en-US"},{"@type":"Organization","@id":"https:\/\/die-faszientherapie.at\/#organization","name":"Tina Kotas - Heilmasseurin","url":"https:\/\/die-faszientherapie.at\/","logo":{"@type":"ImageObject","inLanguage":"en-US","@id":"https:\/\/die-faszientherapie.at\/#\/schema\/logo\/image\/","url":"https:\/\/die-faszientherapie.at\/wp-content\/uploads\/2020\/08\/Tina_Kotas_Logo_big_2_fg.png","contentUrl":"https:\/\/die-faszientherapie.at\/wp-content\/uploads\/2020\/08\/Tina_Kotas_Logo_big_2_fg.png","width":500,"height":120,"caption":"Tina Kotas - Heilmasseurin"},"image":{"@id":"https:\/\/die-faszientherapie.at\/#\/schema\/logo\/image\/"}}]}},"_links":{"self":[{"href":"https:\/\/die-faszientherapie.at\/index.php\/wp-json\/wp\/v2\/pages\/38","targetHints":{"allow":["GET"]}}],"collection":[{"href":"https:\/\/die-faszientherapie.at\/index.php\/wp-json\/wp\/v2\/pages"}],"about":[{"href":"https:\/\/die-faszientherapie.at\/index.php\/wp-json\/wp\/v2\/types\/page"}],"author":[{"embeddable":true,"href":"https:\/\/die-faszientherapie.at\/index.php\/wp-json\/wp\/v2\/users\/1"}],"replies":[{"embeddable":true,"href":"https:\/\/die-faszientherapie.at\/index.php\/wp-json\/wp\/v2\/comments?post=38"}],"version-history":[{"count":29,"href":"https:\/\/die-faszientherapie.at\/index.php\/wp-json\/wp\/v2\/pages\/38\/revisions"}],"predecessor-version":[{"id":583,"href":"https:\/\/die-faszientherapie.at\/index.php\/wp-json\/wp\/v2\/pages\/38\/revisions\/583"}],"wp:attachment":[{"href":"https:\/\/die-faszientherapie.at\/index.php\/wp-json\/wp\/v2\/media?parent=38"}],"curies":[{"name":"wp","href":"https:\/\/api.w.org\/{rel}","templated":true}]}}